{"id":1203,"date":"2024-10-27T11:54:37","date_gmt":"2024-10-27T08:54:37","guid":{"rendered":"https:\/\/wristbandfactory.eu\/toode\/fabric-wristbands\/"},"modified":"2025-12-29T18:06:51","modified_gmt":"2025-12-29T15:06:51","slug":"full-colour-printed-fabric-wristbands","status":"publish","type":"product","link":"https:\/\/wristbandfactory.eu\/de\/p\/full-colour-printed-fabric-wristbands\/","title":{"rendered":"Vollfarbig bedruckte Stoffarmb\u00e4nder"},"content":{"rendered":"<div class=\"mx-12 md:mx-24 lg:mx-48\">\n<div class=\"container my-8 svelte-zlsknf\">\n<div class=\"my-24 rounded-lg border-0 border-gray-700 bg-gray-100 px-16 py-24\">\n<div class=\"mt-11 !text-gray-500\">\n<p data-path-to-node=\"8\">Werten Sie Ihr Event-Erlebnis mit unseren farbig bedruckten Stoffarmb\u00e4ndern auf. Diese beliebte L\u00f6sung f\u00fcr die Zutrittskontrolle ist ein wirkungsvolles Marketinginstrument und gleichzeitig ein gesch\u00e4tztes Erinnerungsst\u00fcck f\u00fcr die Teilnehmer.<\/p>\n<p data-path-to-node=\"9\"><b>Ein Armband, komplett von Ihnen individuell gestaltet<\/b><\/p>\n<p data-path-to-node=\"10\">Diese Produktseite pr\u00e4sentiert Ihnen alle unsere bedruckten Stoffoptionen. W\u00e4hlen Sie unbedruckt Ihr Material und klicken Sie auf \u201eOK\u201c, um das perfekte Armband f\u00fcr Ihre Veranstaltung zu gestalten.<\/p>\n<ol start=\"1\" data-path-to-node=\"11\">\n<li>\n<p data-path-to-node=\"11,0,0\"><b>W\u00e4hlen Sie Ihren Druck und Ihr Material:<\/b> Mithilfe modernster Sublimationsdrucktechnik reproduzieren wir Ihr Design in brillanten, lichtbest\u00e4ndigen CMYK- oder pr\u00e4zisen Pantone-Farbt\u00f6nen (PMS). W\u00e4hlen Sie aus zwei Materialoberfl\u00e4chen:<\/p>\n<ul data-path-to-node=\"11,0,1\">\n<li>\n<p data-path-to-node=\"11,0,1,0,0\"><b>Strapazierf\u00e4higes Polyester:<\/b> Unser hoher, wasserfester und hautfreundlicher Standard f\u00fcr alle Veranstaltungen.<\/p>\n<\/li>\n<li>\n<p data-path-to-node=\"11,0,1,1,0\"><b>Premium-Satin:<\/b> Eine glattere, gl\u00e4nzendere Oberfl\u00e4che f\u00fcr ein hochwertiges, edles Tragegef\u00fchl (absorbiert das Produkt \u201cSatin Wristbands\u201d).<\/p>\n<\/li>\n<\/ul>\n<\/li>\n<li>\n<p data-path-to-node=\"11,1,0\"><b>W\u00e4hlen Sie Ihr Schloss:<\/b> Sicherheit hat oberste Priorit\u00e4t. Konfigurieren Sie Ihre Armb\u00e4nder mit dem passenden Schloss f\u00fcr Ihre Bed\u00fcrfnisse. Wir bieten Ihnen eine umfassende Auswahl an Optionen:<\/p>\n<ul data-path-to-node=\"11,1,1\">\n<li>\n<p data-path-to-node=\"11,1,1,0,0\"><b>Hochsicherheitsschl\u00f6sser:<\/b> Einweg-Kunststoffclips mit Selbstverschluss oder robuste Metallverschl\u00fcsse verhindern die \u00dcbertragung.<\/p>\n<\/li>\n<li>\n<p data-path-to-node=\"11,1,1,1,0\"><b>Wiederverwendbare Schl\u00f6sser:<\/b> Eine verstellbare Perle, die es erm\u00f6glicht, Armb\u00e4nder abzunehmen und wiederzuverwenden.<\/p>\n<\/li>\n<li>\n<p data-path-to-node=\"11,1,1,2,0\"><b>Umweltfreundliche Schl\u00f6sser:<\/b> Unser nachhaltiges Bambusschloss f\u00fcr den Einmalgebrauch.<\/p>\n<\/li>\n<\/ul>\n<\/li>\n<\/ol>\n<p data-path-to-node=\"12\">Diese Armb\u00e4nder sind die ideale, sichere L\u00f6sung zur Zugangskontrolle bei Konzerten, Festivals, Partys, Hotels und Wasserparks.<\/p>\n<p data-path-to-node=\"13\"><i>(Hinweis: Aufgrund des Herstellungsprozesses empfehlen wir, f\u00fcr optimale Ergebnisse auf der R\u00fcckseite des Armbands sich wiederholende Muster zu verwenden.)<\/i><\/p>\n<p data-path-to-node=\"14\"><b>Hauptmerkmale:<\/b><\/p>\n<ul data-path-to-node=\"15\">\n<li>\n<p data-path-to-node=\"15,0,0\"><b>Drucken:<\/b> Vollfarbiger CMYK- oder PMS-Sublimationsdruck.<\/p>\n<\/li>\n<li>\n<p data-path-to-node=\"15,1,0\"><b>Material:<\/b> Hochwertiges Polyester (Premium-Satin-Ausf\u00fchrung ebenfalls erh\u00e4ltlich).<\/p>\n<\/li>\n<li>\n<p data-path-to-node=\"15,2,0\"><b>Sicherheitsschlossoptionen:<\/b> Hochsichere (Kunststoff\/Metall), wiederverwendbare Perle oder umweltfreundlicher Bambus.<\/p>\n<\/li>\n<li>\n<p data-path-to-node=\"15,3,0\"><b>Langlebig und wasserdicht:<\/b> Ideal f\u00fcr mehrt\u00e4gige Veranstaltungen.<\/p>\n<\/li>\n<li>\n<p data-path-to-node=\"15,4,0\"><b>Komfort:<\/b> Leicht und weich f\u00fcr angenehmen Tragekomfort auch \u00fcber l\u00e4ngere Zeit.<\/p>\n<\/li>\n<li>\n<p data-path-to-node=\"15,5,0\"><b>Mindestbestellwert:<\/b> 100 St\u00fcck.<\/p>\n<\/li>\n<\/ul>\n<p data-path-to-node=\"16\">\n<\/div>\n<\/div>\n<\/div>\n<\/div>","protected":false},"excerpt":{"rendered":"<ul data-path-to-node=\"7\">\n<li>\n<p data-path-to-node=\"7,0,0\">Brillanter, vollfarbiger CMYK- oder Pantone-Sublimationsdruck.<\/p>\n<\/li>\n<li>\n<p data-path-to-node=\"7,1,0\"><b>Materialoptionen:<\/b> W\u00e4hlen Sie zwischen strapazierf\u00e4higem, wasserdichtem Polyester oder einem hochwertigen Satin.<\/p>\n<\/li>\n<li>\n<p data-path-to-node=\"7,2,0\"><b>Sperroptionen:<\/b> Hochsicher (Einweg-Kunststoff\/Metall), wiederverwendbar (verstellbare Perle) oder umweltfreundlich aus Bambus.<\/p>\n<\/li>\n<li>\n<p data-path-to-node=\"7,3,0\">Bequem, strapazierf\u00e4hig und hautfreundlich \u2013 ideal f\u00fcr mehrt\u00e4gige Veranstaltungen.<\/p>\n<\/li>\n<\/ul>","protected":false},"featured_media":6388,"comment_status":"closed","ping_status":"closed","template":"","meta":[],"product_brand":[],"product_cat":[47],"product_tag":[],"class_list":{"0":"post-1203","1":"product","2":"type-product","3":"status-publish","4":"has-post-thumbnail","6":"product_cat-fabric-wristbands","8":"first","9":"instock","10":"shipping-taxable","11":"purchasable","12":"product-type-simple"},"_links":{"self":[{"href":"https:\/\/wristbandfactory.eu\/de\/wp-json\/wp\/v2\/product\/1203","targetHints":{"allow":["GET"]}}],"collection":[{"href":"https:\/\/wristbandfactory.eu\/de\/wp-json\/wp\/v2\/product"}],"about":[{"href":"https:\/\/wristbandfactory.eu\/de\/wp-json\/wp\/v2\/types\/product"}],"replies":[{"embeddable":true,"href":"https:\/\/wristbandfactory.eu\/de\/wp-json\/wp\/v2\/comments?post=1203"}],"wp:featuredmedia":[{"embeddable":true,"href":"https:\/\/wristbandfactory.eu\/de\/wp-json\/wp\/v2\/media\/6388"}],"wp:attachment":[{"href":"https:\/\/wristbandfactory.eu\/de\/wp-json\/wp\/v2\/media?parent=1203"}],"wp:term":[{"taxonomy":"product_brand","embeddable":true,"href":"https:\/\/wristbandfactory.eu\/de\/wp-json\/wp\/v2\/product_brand?post=1203"},{"taxonomy":"product_cat","embeddable":true,"href":"https:\/\/wristbandfactory.eu\/de\/wp-json\/wp\/v2\/product_cat?post=1203"},{"taxonomy":"product_tag","embeddable":true,"href":"https:\/\/wristbandfactory.eu\/de\/wp-json\/wp\/v2\/product_tag?post=1203"}],"curies":[{"name":"wp","href":"https:\/\/api.w.org\/{rel}","templated":true}]}}