{"id":4417,"date":"2025-08-21T18:03:17","date_gmt":"2025-08-21T15:03:17","guid":{"rendered":"https:\/\/wristbandfactory.eu\/?page_id=4417"},"modified":"2025-11-02T00:58:38","modified_gmt":"2025-11-01T21:58:38","slug":"brugerdefinerede-armbandstryk","status":"publish","type":"page","link":"https:\/\/wristbandfactory.eu\/da\/services\/custom-wristbands-printing\/","title":{"rendered":"Trykning af armb\u00e5nd"},"content":{"rendered":"<div data-elementor-type=\"wp-page\" data-elementor-id=\"4417\" class=\"elementor elementor-4417\" data-elementor-post-type=\"page\">\n\t\t\t\t<div class=\"elementor-element elementor-element-07f74c1 e-con-full bottom-divider header-container-banner e-flex e-con e-parent\" data-id=\"07f74c1\" data-element_type=\"container\" data-e-type=\"container\" data-settings=\"{&quot;background_background&quot;:&quot;classic&quot;}\">\n\t\t\t\t<div class=\"elementor-element elementor-element-0b7e799 elementor-widget elementor-widget-heading\" data-id=\"0b7e799\" data-element_type=\"widget\" data-e-type=\"widget\" data-widget_type=\"heading.default\">\n\t\t\t\t<div class=\"elementor-widget-container\">\n\t\t\t\t\t<h1 class=\"elementor-heading-title elementor-size-default\">Brugerdefineret armb\u00e5ndstryk med dit logo<\/h1>\t\t\t\t<\/div>\n\t\t\t\t<\/div>\n\t\t\t\t<\/div>\n\t\t<div class=\"elementor-element elementor-element-6ac3483 e-flex e-con-boxed e-con e-parent\" data-id=\"6ac3483\" data-element_type=\"container\" data-e-type=\"container\">\n\t\t\t\t\t<div class=\"e-con-inner\">\n\t\t<div class=\"elementor-element elementor-element-f4e3941 e-con-full e-flex e-con e-child\" data-id=\"f4e3941\" data-element_type=\"container\" data-e-type=\"container\">\n\t\t\t\t<div class=\"elementor-element elementor-element-d0ee9b3 elementor-widget elementor-widget-text-editor\" data-id=\"d0ee9b3\" data-element_type=\"widget\" data-e-type=\"widget\" data-widget_type=\"text-editor.default\">\n\t\t\t\t<div class=\"elementor-widget-container\">\n\t\t\t\t\t\t\t\t\t<p>Styrk dit brand med specialtrykte armb\u00e5nd! Uanset om du har brug for armb\u00e5nd med logo til events eller specialtrykte holdarmb\u00e5nd til sportskonkurrencer, hj\u00e6lper vi dig med at realisere din vision.<\/p>\t\t\t\t\t\t\t\t<\/div>\n\t\t\t\t<\/div>\n\t\t\t\t<div class=\"elementor-element elementor-element-9f6f4a0 elementor-widget elementor-widget-n-accordion\" data-id=\"9f6f4a0\" data-element_type=\"widget\" data-e-type=\"widget\" data-settings=\"{&quot;default_state&quot;:&quot;all_collapsed&quot;,&quot;max_items_expended&quot;:&quot;one&quot;,&quot;n_accordion_animation_duration&quot;:{&quot;unit&quot;:&quot;ms&quot;,&quot;size&quot;:400,&quot;sizes&quot;:[]}}\" data-widget_type=\"nested-accordion.default\">\n\t\t\t\t<div class=\"elementor-widget-container\">\n\t\t\t\t\t\t\t<div class=\"e-n-accordion\" aria-label=\"Harmonika. \u00c5bn links med Enter eller Mellemrum, luk med Escape, og naviger med piletasterne.\">\n\t\t\t\t\t\t<details id=\"e-n-accordion-item-1670\" class=\"e-n-accordion-item\" >\n\t\t\t\t<summary class=\"e-n-accordion-item-title\" data-accordion-index=\"1\" tabindex=\"0\" aria-expanded=\"false\" aria-controls=\"e-n-accordion-item-1670\" >\n\t\t\t\t\t<span class='e-n-accordion-item-title-header'><h2 class=\"e-n-accordion-item-title-text\"> S\u00e5dan bestiller du med eget tryk armb\u00e5nd <\/h2><\/span>\n\t\t\t\t\t\t\t<span class='e-n-accordion-item-title-icon'>\n\t\t\t<span class='e-opened' ><svg aria-hidden=\"true\" class=\"e-font-icon-svg e-fas-minus\" viewbox=\"0 0 448 512\" xmlns=\"http:\/\/www.w3.org\/2000\/svg\"><path d=\"M416 208H32c-17.67 0-32 14.33-32 32v32c0 17.67 14.33 32 32 32h384c17.67 0 32-14.33 32-32v-32c0-17.67-14.33-32-32-32z\"><\/path><\/svg><\/span>\n\t\t\t<span class='e-closed'><svg aria-hidden=\"true\" class=\"e-font-icon-svg e-fas-plus\" viewbox=\"0 0 448 512\" xmlns=\"http:\/\/www.w3.org\/2000\/svg\"><path d=\"M416 208H272V64c0-17.67-14.33-32-32-32h-32c-17.67 0-32 14.33-32 32v144H32c-17.67 0-32 14.33-32 32v32c0 17.67 14.33 32 32 32h144v144c0 17.67 14.33 32 32 32h32c17.67 0 32-14.33 32-32V304h144c17.67 0 32-14.33 32-32v-32c0-17.67-14.33-32-32-32z\"><\/path><\/svg><\/span>\n\t\t<\/span>\n\n\t\t\t\t\t\t<\/summary>\n\t\t\t\t<div role=\"region\" aria-labelledby=\"e-n-accordion-item-1670\" class=\"elementor-element elementor-element-85897bf e-con-full e-flex e-con e-child\" data-id=\"85897bf\" data-element_type=\"container\" data-e-type=\"container\">\n\t\t\t\t<div class=\"elementor-element elementor-element-a7675ee elementor-widget elementor-widget-text-editor\" data-id=\"a7675ee\" data-element_type=\"widget\" data-e-type=\"widget\" data-widget_type=\"text-editor.default\">\n\t\t\t\t<div class=\"elementor-widget-container\">\n\t\t\t\t\t\t\t\t\t<p>Klar til <b>bestille<\/b> Med eget tryk armb\u00e5nd til din n\u00e6ste begivenhed? Vores med eget tryk armb\u00e5ndstrykningsservice g\u00f8r det nemt. V\u00e6lg mellem med eget tryk vinylarmb\u00e5nd, med eget tryk <b>stof<\/b> armb\u00e5nd eller slidst\u00e6rke silikonearmb\u00e5nd \u2013 s\u00e5 lad os bringe din vision til live. Uanset om du \u00f8nsker <b>tilf\u00f8je<\/b> Logoer, tekst eller unikke designs, vores team kan f\u00e5 det til at ske. Vi im\u00f8dekommer alle B2B-behov, fra store bulkordrer til sm\u00e5 partier.<\/p>\t\t\t\t\t\t\t\t<\/div>\n\t\t\t\t<\/div>\n\t\t\t\t<\/div>\n\t\t\t\t\t<\/details>\n\t\t\t\t\t\t<details id=\"e-n-accordion-item-1671\" class=\"e-n-accordion-item\" >\n\t\t\t\t<summary class=\"e-n-accordion-item-title\" data-accordion-index=\"2\" tabindex=\"-1\" aria-expanded=\"false\" aria-controls=\"e-n-accordion-item-1671\" >\n\t\t\t\t\t<span class='e-n-accordion-item-title-header'><h2 class=\"e-n-accordion-item-title-text\"> Muligheder for specialtrykte armb\u00e5nd: Papir, vinyl, Tyvek og mere <\/h2><\/span>\n\t\t\t\t\t\t\t<span class='e-n-accordion-item-title-icon'>\n\t\t\t<span class='e-opened' ><svg aria-hidden=\"true\" class=\"e-font-icon-svg e-fas-minus\" viewbox=\"0 0 448 512\" xmlns=\"http:\/\/www.w3.org\/2000\/svg\"><path d=\"M416 208H32c-17.67 0-32 14.33-32 32v32c0 17.67 14.33 32 32 32h384c17.67 0 32-14.33 32-32v-32c0-17.67-14.33-32-32-32z\"><\/path><\/svg><\/span>\n\t\t\t<span class='e-closed'><svg aria-hidden=\"true\" class=\"e-font-icon-svg e-fas-plus\" viewbox=\"0 0 448 512\" xmlns=\"http:\/\/www.w3.org\/2000\/svg\"><path d=\"M416 208H272V64c0-17.67-14.33-32-32-32h-32c-17.67 0-32 14.33-32 32v144H32c-17.67 0-32 14.33-32 32v32c0 17.67 14.33 32 32 32h144v144c0 17.67 14.33 32 32 32h32c17.67 0 32-14.33 32-32V304h144c17.67 0 32-14.33 32-32v-32c0-17.67-14.33-32-32-32z\"><\/path><\/svg><\/span>\n\t\t<\/span>\n\n\t\t\t\t\t\t<\/summary>\n\t\t\t\t<div role=\"region\" aria-labelledby=\"e-n-accordion-item-1671\" class=\"elementor-element elementor-element-5ef7994 e-con-full e-flex e-con e-child\" data-id=\"5ef7994\" data-element_type=\"container\" data-e-type=\"container\">\n\t\t\t\t<div class=\"elementor-element elementor-element-53b8c06 elementor-widget elementor-widget-text-editor\" data-id=\"53b8c06\" data-element_type=\"widget\" data-e-type=\"widget\" data-widget_type=\"text-editor.default\">\n\t\t\t\t<div class=\"elementor-widget-container\">\n\t\t\t\t\t\t\t\t\t<p>Opdag vores udvalg af specialtrykte armb\u00e5nd lavet af materialer af h\u00f8jeste kvalitet. <b>omkostningseffektiv<\/b> Fra trykte papirarmb\u00e5nd til holdbare, specialtrykte Tyvek-armb\u00e5nd, tilbyder vi l\u00f8sninger til festivaler, sportskonkurrencer, fundraisingarrangementer og meget mere. Vores specialtrykte armb\u00e5ndsservice leverer levende resultater for alle. <b>armb\u00e5nd<\/b> typer, herunder med eget tryk vinylarmb\u00e5nd og specialfremstillede <b>trykt<\/b> armb\u00e5nd til s\u00e6rlige begivenheder.<\/p>\t\t\t\t\t\t\t\t<\/div>\n\t\t\t\t<\/div>\n\t\t\t\t<\/div>\n\t\t\t\t\t<\/details>\n\t\t\t\t\t\t<details id=\"e-n-accordion-item-1672\" class=\"e-n-accordion-item\" >\n\t\t\t\t<summary class=\"e-n-accordion-item-title\" data-accordion-index=\"3\" tabindex=\"-1\" aria-expanded=\"false\" aria-controls=\"e-n-accordion-item-1672\" >\n\t\t\t\t\t<span class='e-n-accordion-item-title-header'><h2 class=\"e-n-accordion-item-title-text\"> Med eget tryk armb\u00e5nd til koncerter, events og fundraising <\/h2><\/span>\n\t\t\t\t\t\t\t<span class='e-n-accordion-item-title-icon'>\n\t\t\t<span class='e-opened' ><svg aria-hidden=\"true\" class=\"e-font-icon-svg e-fas-minus\" viewbox=\"0 0 448 512\" xmlns=\"http:\/\/www.w3.org\/2000\/svg\"><path d=\"M416 208H32c-17.67 0-32 14.33-32 32v32c0 17.67 14.33 32 32 32h384c17.67 0 32-14.33 32-32v-32c0-17.67-14.33-32-32-32z\"><\/path><\/svg><\/span>\n\t\t\t<span class='e-closed'><svg aria-hidden=\"true\" class=\"e-font-icon-svg e-fas-plus\" viewbox=\"0 0 448 512\" xmlns=\"http:\/\/www.w3.org\/2000\/svg\"><path d=\"M416 208H272V64c0-17.67-14.33-32-32-32h-32c-17.67 0-32 14.33-32 32v144H32c-17.67 0-32 14.33-32 32v32c0 17.67 14.33 32 32 32h144v144c0 17.67 14.33 32 32 32h32c17.67 0 32-14.33 32-32V304h144c17.67 0 32-14.33 32-32v-32c0-17.67-14.33-32-32-32z\"><\/path><\/svg><\/span>\n\t\t<\/span>\n\n\t\t\t\t\t\t<\/summary>\n\t\t\t\t<div role=\"region\" aria-labelledby=\"e-n-accordion-item-1672\" class=\"elementor-element elementor-element-4aa6ec0 e-con-full e-flex e-con e-child\" data-id=\"4aa6ec0\" data-element_type=\"container\" data-e-type=\"container\">\n\t\t\t\t<div class=\"elementor-element elementor-element-2227bb3 elementor-widget elementor-widget-text-editor\" data-id=\"2227bb3\" data-element_type=\"widget\" data-e-type=\"widget\" data-widget_type=\"text-editor.default\">\n\t\t\t\t<div class=\"elementor-widget-container\">\n\t\t\t\t\t\t\t\t\t<p>Vores skik <b>service til trykning af armb\u00e5nd<\/b> tilbyder en r\u00e6kke l\u00f8sninger \u2013 fra fantastiske med eget tryk festivalarmb\u00e5nd til med eget tryk koncertarmb\u00e5nd. Planl\u00e6gger du en fundraiser? Vores med eget tryk armb\u00e5ndsdesigns til events fremh\u00e6ver din velg\u00f8renhedsorganisations budskab med livlige farver. Og til firmaarrangementer kan vores med eget tryk armb\u00e5nd inkludere dit brandlogo for et professionelt pr\u00e6g. Vores <b>brugerdefineret armb\u00e5ndsservice<\/b> leverer l\u00f8sninger til events i hele Europa, herunder Letland, Litauen, Estland og Finland.<\/p>\t\t\t\t\t\t\t\t<\/div>\n\t\t\t\t<\/div>\n\t\t\t\t<\/div>\n\t\t\t\t\t<\/details>\n\t\t\t\t\t<\/div>\n\t\t\t\t\t\t<\/div>\n\t\t\t\t<\/div>\n\t\t\t\t<div class=\"elementor-element elementor-element-d1b956f elementor-widget elementor-widget-heading\" data-id=\"d1b956f\" data-element_type=\"widget\" data-e-type=\"widget\" data-widget_type=\"heading.default\">\n\t\t\t\t<div class=\"elementor-widget-container\">\n\t\t\t\t\t<h2 class=\"elementor-heading-title elementor-size-default\">Wristband Factory: Bestil prisvenlige trykte armb\u00e5nd i Europa<\/h2>\t\t\t\t<\/div>\n\t\t\t\t<\/div>\n\t\t\t\t<div class=\"elementor-element elementor-element-4d847ad elementor-widget elementor-widget-text-editor\" data-id=\"4d847ad\" data-element_type=\"widget\" data-e-type=\"widget\" data-widget_type=\"text-editor.default\">\n\t\t\t\t<div class=\"elementor-widget-container\">\n\t\t\t\t\t\t\t\t\t<p><b>Ordre udskrevet<\/b> Armb\u00e5nd med levering i hele Europa. Vores specialfremstillede armb\u00e5nd sendes til Storbritannien, Frankrig, Polen og Tyskland, alt sammen til konkurrencedygtige priser. Uanset om du har brug for specialfremstillede armb\u00e5nd til events eller specialfremstillede armb\u00e5nd til fundraising, kan vores team skabe fantastiske <b>armb\u00e5nd<\/b> der fremh\u00e6ver din brandidentitet. Kontakt os i dag for at skabe <b>brugerdefineret, m\u00e6rkevare<\/b> Armb\u00e5nd der g\u00f8r din begivenhed uforglemmelig!<\/p>\t\t\t\t\t\t\t\t<\/div>\n\t\t\t\t<\/div>\n\t\t\t\t<div class=\"elementor-element elementor-element-29d3c28 elementor-widget elementor-widget-button\" data-id=\"29d3c28\" data-element_type=\"widget\" data-e-type=\"widget\" data-widget_type=\"button.default\">\n\t\t\t\t<div class=\"elementor-widget-container\">\n\t\t\t\t\t\t\t\t\t<div class=\"elementor-button-wrapper\">\n\t\t\t\t\t<a class=\"elementor-button elementor-button-link elementor-size-sm\" href=\"https:\/\/wristbandfactory.eu\/da\/kontakte\/\">\n\t\t\t\t\t\t<span class=\"elementor-button-content-wrapper\">\n\t\t\t\t\t\t\t\t\t<span class=\"elementor-button-text\">Bestil med eget tryk armb\u00e5nd<\/span>\n\t\t\t\t\t<\/span>\n\t\t\t\t\t<\/a>\n\t\t\t\t<\/div>\n\t\t\t\t\t\t\t\t<\/div>\n\t\t\t\t<\/div>\n\t\t\t\t<\/div>\n\t\t<div class=\"elementor-element elementor-element-6620842 e-con-full e-flex e-con e-child\" data-id=\"6620842\" data-element_type=\"container\" data-e-type=\"container\">\n\t\t\t\t<div class=\"elementor-element elementor-element-2a3a536 elementor-widget elementor-widget-image\" data-id=\"2a3a536\" data-element_type=\"widget\" data-e-type=\"widget\" data-widget_type=\"image.default\">\n\t\t\t\t<div class=\"elementor-widget-container\">\n\t\t\t\t\t\t\t\t\t\t\t\t\t\t\t<img fetchpriority=\"high\" decoding=\"async\" width=\"500\" height=\"500\" src=\"https:\/\/wristbandfactory.eu\/wp-content\/uploads\/2024\/12\/861d0714-7485-4cd5-ae29-4d4d2c1ee3ed.png\" class=\"attachment-large size-large wp-image-2726\" alt=\"\" srcset=\"https:\/\/wristbandfactory.eu\/wp-content\/uploads\/2024\/12\/861d0714-7485-4cd5-ae29-4d4d2c1ee3ed.png 500w, https:\/\/wristbandfactory.eu\/wp-content\/uploads\/2024\/12\/861d0714-7485-4cd5-ae29-4d4d2c1ee3ed-300x300.png 300w, https:\/\/wristbandfactory.eu\/wp-content\/uploads\/2024\/12\/861d0714-7485-4cd5-ae29-4d4d2c1ee3ed-100x100.png 100w\" sizes=\"(max-width: 500px) 100vw, 500px\" \/>\t\t\t\t\t\t\t\t\t\t\t\t\t\t\t<\/div>\n\t\t\t\t<\/div>\n\t\t\t\t<\/div>\n\t\t\t\t\t<\/div>\n\t\t\t\t<\/div>\n\t\t<div class=\"elementor-element elementor-element-cc3963e e-flex e-con-boxed e-con e-parent\" data-id=\"cc3963e\" data-element_type=\"container\" data-e-type=\"container\" data-settings=\"{&quot;background_background&quot;:&quot;classic&quot;}\">\n\t\t\t\t\t<div class=\"e-con-inner\">\n\t\t\t\t<div class=\"elementor-element elementor-element-10c23da elementor-widget elementor-widget-spacer\" data-id=\"10c23da\" data-element_type=\"widget\" data-e-type=\"widget\" data-widget_type=\"spacer.default\">\n\t\t\t\t<div class=\"elementor-widget-container\">\n\t\t\t\t\t\t\t<div class=\"elementor-spacer\">\n\t\t\t<div class=\"elementor-spacer-inner\"><\/div>\n\t\t<\/div>\n\t\t\t\t\t\t<\/div>\n\t\t\t\t<\/div>\n\t\t\t\t<div class=\"elementor-element elementor-element-9f7b6eb elementor-widget elementor-widget-heading\" data-id=\"9f7b6eb\" data-element_type=\"widget\" data-e-type=\"widget\" data-widget_type=\"heading.default\">\n\t\t\t\t<div class=\"elementor-widget-container\">\n\t\t\t\t\t<h2 class=\"elementor-heading-title elementor-size-default\">Portef\u00f8lje af trykte armb\u00e5nd<\/h2>\t\t\t\t<\/div>\n\t\t\t\t<\/div>\n\t\t\t\t<div class=\"elementor-element elementor-element-df64a77 elementor-arrows-position-outside elementor-pagination-position-outside elementor-widget elementor-widget-image-carousel\" data-id=\"df64a77\" data-element_type=\"widget\" data-e-type=\"widget\" data-settings=\"{&quot;slides_to_show&quot;:&quot;6&quot;,&quot;slides_to_show_mobile&quot;:&quot;2&quot;,&quot;navigation&quot;:&quot;both&quot;,&quot;autoplay&quot;:&quot;yes&quot;,&quot;pause_on_hover&quot;:&quot;yes&quot;,&quot;pause_on_interaction&quot;:&quot;yes&quot;,&quot;autoplay_speed&quot;:5000,&quot;infinite&quot;:&quot;yes&quot;,&quot;speed&quot;:500,&quot;image_spacing_custom&quot;:{&quot;unit&quot;:&quot;px&quot;,&quot;size&quot;:20,&quot;sizes&quot;:[]},&quot;image_spacing_custom_tablet&quot;:{&quot;unit&quot;:&quot;px&quot;,&quot;size&quot;:&quot;&quot;,&quot;sizes&quot;:[]},&quot;image_spacing_custom_mobile&quot;:{&quot;unit&quot;:&quot;px&quot;,&quot;size&quot;:&quot;&quot;,&quot;sizes&quot;:[]}}\" data-widget_type=\"image-carousel.default\">\n\t\t\t\t<div class=\"elementor-widget-container\">\n\t\t\t\t\t\t\t<div class=\"elementor-image-carousel-wrapper swiper\" role=\"region\" aria-roledescription=\"carousel\" aria-label=\"Billedkarrusel\" dir=\"ltr\">\n\t\t\t<div class=\"elementor-image-carousel swiper-wrapper\" aria-live=\"off\">\n\t\t\t\t\t\t\t\t<div class=\"swiper-slide\" role=\"group\" aria-roledescription=\"slide\" aria-label=\"1 de 13\"><figure class=\"swiper-slide-inner\"><img decoding=\"async\" class=\"swiper-slide-image\" src=\"https:\/\/wristbandfactory.eu\/wp-content\/uploads\/elementor\/thumbs\/tartu-sinine-scaled-rbzlhr29292x6gfgcp68fjcsauctlmjsc52bcxfz0g.png\" alt=\"Tartu-sinine\" \/><\/figure><\/div><div class=\"swiper-slide\" role=\"group\" aria-roledescription=\"slide\" aria-label=\"2 de 13\"><figure class=\"swiper-slide-inner\"><img decoding=\"async\" class=\"swiper-slide-image\" src=\"https:\/\/wristbandfactory.eu\/wp-content\/uploads\/elementor\/thumbs\/maamess-kaepael-bambus-kinnitus-1-scaled-rbzlhr29292x6gfgcp68fjcsauctlmjsc52bcxfz0g.png\" alt=\"maamess-kaepael-bambus-kinnitus\" \/><\/figure><\/div><div class=\"swiper-slide\" role=\"group\" aria-roledescription=\"slide\" aria-label=\"3 de 13\"><figure class=\"swiper-slide-inner\"><img decoding=\"async\" class=\"swiper-slide-image\" src=\"https:\/\/wristbandfactory.eu\/wp-content\/uploads\/elementor\/thumbs\/tallink-elastne-kaepael-kiibiga-scaled-rbzlhr29292x6gfgcp68fjcsauctlmjsc52bcxfz0g.png\" alt=\"tallink-elastne-kaepael-kiibiga\" \/><\/figure><\/div><div class=\"swiper-slide\" role=\"group\" aria-roledescription=\"slide\" aria-label=\"4 de 13\"><figure class=\"swiper-slide-inner\"><img decoding=\"async\" class=\"swiper-slide-image\" src=\"https:\/\/wristbandfactory.eu\/wp-content\/uploads\/elementor\/thumbs\/erikujugakaepael-pirita-1-scaled-rbzlhr29292x6gfgcp68fjcsauctlmjsc52bcxfz0g.png\" alt=\"erikujugakaepael-pirita\" \/><\/figure><\/div><div class=\"swiper-slide\" role=\"group\" aria-roledescription=\"slide\" aria-label=\"5 de 13\"><figure class=\"swiper-slide-inner\"><img decoding=\"async\" class=\"swiper-slide-image\" src=\"https:\/\/wristbandfactory.eu\/wp-content\/uploads\/elementor\/thumbs\/korgist-kaepael-metall-kinnitus-1-scaled-rbzlhr29292x6gfgcp68fjcsauctlmjsc52bcxfz0g.png\" alt=\"korgist-kaepael-metall-kinnitus\" \/><\/figure><\/div><div class=\"swiper-slide\" role=\"group\" aria-roledescription=\"slide\" aria-label=\"6 de 13\"><figure class=\"swiper-slide-inner\"><img decoding=\"async\" class=\"swiper-slide-image\" src=\"https:\/\/wristbandfactory.eu\/wp-content\/uploads\/elementor\/thumbs\/tartu-oranz-scaled-rbzlhr29292x6gfgcp68fjcsauctlmjsc52bcxfz0g.png\" alt=\"Tartu-oranz\" \/><\/figure><\/div><div class=\"swiper-slide\" role=\"group\" aria-roledescription=\"slide\" aria-label=\"7 de 13\"><figure class=\"swiper-slide-inner\"><img decoding=\"async\" class=\"swiper-slide-image\" src=\"https:\/\/wristbandfactory.eu\/wp-content\/uploads\/elementor\/thumbs\/astu-pardale-kaepael-1-scaled-rbzlhr29292x6gfgcp68fjcsauctlmjsc52bcxfz0g.png\" alt=\"astu-pardale-kaepael\" \/><\/figure><\/div><div class=\"swiper-slide\" role=\"group\" aria-roledescription=\"slide\" aria-label=\"8 de 13\"><figure class=\"swiper-slide-inner\"><img decoding=\"async\" class=\"swiper-slide-image\" src=\"https:\/\/wristbandfactory.eu\/wp-content\/uploads\/elementor\/thumbs\/satiinist-kaepael-plastik-kinnitus-scaled-rbzlhr29292x6gfgcp68fjcsauctlmjsc52bcxfz0g.png\" alt=\"satiinist-kaepael-plastik-kinnitus\" \/><\/figure><\/div><div class=\"swiper-slide\" role=\"group\" aria-roledescription=\"slide\" aria-label=\"9 de 13\"><figure class=\"swiper-slide-inner\"><img decoding=\"async\" class=\"swiper-slide-image\" src=\"https:\/\/wristbandfactory.eu\/wp-content\/uploads\/elementor\/thumbs\/linane-kaepael-1-scaled-rbzlhr29292x6gfgcp68fjcsauctlmjsc52bcxfz0g.png\" alt=\"linane-kaepael\" \/><\/figure><\/div><div class=\"swiper-slide\" role=\"group\" aria-roledescription=\"slide\" aria-label=\"10 de 13\"><figure class=\"swiper-slide-inner\"><img decoding=\"async\" class=\"swiper-slide-image\" src=\"https:\/\/wristbandfactory.eu\/wp-content\/uploads\/elementor\/thumbs\/bambusest-kaepael-1-scaled-rbzlhr29292x6gfgcp68fjcsauctlmjsc52bcxfz0g.png\" alt=\"bambusest-kaepael\" \/><\/figure><\/div><div class=\"swiper-slide\" role=\"group\" aria-roledescription=\"slide\" aria-label=\"11 de 13\"><figure class=\"swiper-slide-inner\"><img decoding=\"async\" class=\"swiper-slide-image\" src=\"https:\/\/wristbandfactory.eu\/wp-content\/uploads\/elementor\/thumbs\/eksklusiiv-kuldne-kaepael-kuldmuna-1-scaled-rbzlhr29292x6gfgcp68fjcsauctlmjsc52bcxfz0g.png\" alt=\"eksklusiiv-kuldne-kaepael-kuldmuna\" \/><\/figure><\/div><div class=\"swiper-slide\" role=\"group\" aria-roledescription=\"slide\" aria-label=\"12 de 13\"><figure class=\"swiper-slide-inner\"><img decoding=\"async\" class=\"swiper-slide-image\" src=\"https:\/\/wristbandfactory.eu\/wp-content\/uploads\/elementor\/thumbs\/RFID-kiibiga-taisvarvides-trukiga-kaepael-scaled-rbzlhr29292x6gfgcp68fjcsauctlmjsc52bcxfz0g.png\" alt=\"RFID-kiibiga-taisvarvides-trukiga-kaepael\" \/><\/figure><\/div><div class=\"swiper-slide\" role=\"group\" aria-roledescription=\"slide\" aria-label=\"13 de 13\"><figure class=\"swiper-slide-inner\"><img decoding=\"async\" class=\"swiper-slide-image\" src=\"https:\/\/wristbandfactory.eu\/wp-content\/uploads\/elementor\/thumbs\/trukiga-kinnitusega-kaepael-roosa-scaled-rbzlhr29292x6gfgcp68fjcsauctlmjsc52bcxfz0g.png\" alt=\"trukiga-kinnitusega-kaepael-roosa\" \/><\/figure><\/div>\t\t\t<\/div>\n\t\t\t\t\t\t\t\t\t\t\t\t<div class=\"elementor-swiper-button elementor-swiper-button-prev\" role=\"button\" tabindex=\"0\">\n\t\t\t\t\t\t<svg aria-hidden=\"true\" class=\"e-font-icon-svg e-eicon-chevron-left\" viewbox=\"0 0 1000 1000\" xmlns=\"http:\/\/www.w3.org\/2000\/svg\"><path d=\"M646 125C629 125 613 133 604 142L308 442C296 454 292 471 292 487 292 504 296 521 308 533L604 854C617 867 629 875 646 875 663 875 679 871 692 858 704 846 713 829 713 812 713 796 708 779 692 767L438 487 692 225C700 217 708 204 708 187 708 171 704 154 692 142 675 129 663 125 646 125Z\"><\/path><\/svg>\t\t\t\t\t<\/div>\n\t\t\t\t\t<div class=\"elementor-swiper-button elementor-swiper-button-next\" role=\"button\" tabindex=\"0\">\n\t\t\t\t\t\t<svg aria-hidden=\"true\" class=\"e-font-icon-svg e-eicon-chevron-right\" viewbox=\"0 0 1000 1000\" xmlns=\"http:\/\/www.w3.org\/2000\/svg\"><path d=\"M696 533C708 521 713 504 713 487 713 471 708 454 696 446L400 146C388 133 375 125 354 125 338 125 325 129 313 142 300 154 292 171 292 187 292 204 296 221 308 233L563 492 304 771C292 783 288 800 288 817 288 833 296 850 308 863 321 871 338 875 354 875 371 875 388 867 400 854L696 533Z\"><\/path><\/svg>\t\t\t\t\t<\/div>\n\t\t\t\t\n\t\t\t\t\t\t\t\t\t<div class=\"swiper-pagination\"><\/div>\n\t\t\t\t\t\t\t\t\t<\/div>\n\t\t\t\t\t\t<\/div>\n\t\t\t\t<\/div>\n\t\t\t\t<div class=\"elementor-element elementor-element-0cb8de5 elementor-widget elementor-widget-spacer\" data-id=\"0cb8de5\" data-element_type=\"widget\" data-e-type=\"widget\" data-widget_type=\"spacer.default\">\n\t\t\t\t<div class=\"elementor-widget-container\">\n\t\t\t\t\t\t\t<div class=\"elementor-spacer\">\n\t\t\t<div class=\"elementor-spacer-inner\"><\/div>\n\t\t<\/div>\n\t\t\t\t\t\t<\/div>\n\t\t\t\t<\/div>\n\t\t\t\t\t<\/div>\n\t\t\t\t<\/div>\n\t\t\t\t<\/div>","protected":false},"excerpt":{"rendered":"<p>Custom Wristband Printing with Your Logo Elevate your brand with custom-printed wristbands! Whether you need branded wristbands for events or custom team wristbands for sports competitions, we\u2019ll help bring your vision to life. How to Order Custom Wristbands Ready to order custom wristbands for your next event? Our custom wristband printing service makes it easy. [&hellip;]<\/p>\n","protected":false},"author":7,"featured_media":2726,"parent":4413,"menu_order":0,"comment_status":"closed","ping_status":"closed","template":"","meta":{"footnotes":""},"class_list":["post-4417","page","type-page","status-publish","has-post-thumbnail","hentry"],"_links":{"self":[{"href":"https:\/\/wristbandfactory.eu\/da\/wp-json\/wp\/v2\/pages\/4417","targetHints":{"allow":["GET"]}}],"collection":[{"href":"https:\/\/wristbandfactory.eu\/da\/wp-json\/wp\/v2\/pages"}],"about":[{"href":"https:\/\/wristbandfactory.eu\/da\/wp-json\/wp\/v2\/types\/page"}],"author":[{"embeddable":true,"href":"https:\/\/wristbandfactory.eu\/da\/wp-json\/wp\/v2\/users\/7"}],"replies":[{"embeddable":true,"href":"https:\/\/wristbandfactory.eu\/da\/wp-json\/wp\/v2\/comments?post=4417"}],"version-history":[{"count":65,"href":"https:\/\/wristbandfactory.eu\/da\/wp-json\/wp\/v2\/pages\/4417\/revisions"}],"predecessor-version":[{"id":5360,"href":"https:\/\/wristbandfactory.eu\/da\/wp-json\/wp\/v2\/pages\/4417\/revisions\/5360"}],"up":[{"embeddable":true,"href":"https:\/\/wristbandfactory.eu\/da\/wp-json\/wp\/v2\/pages\/4413"}],"wp:featuredmedia":[{"embeddable":true,"href":"https:\/\/wristbandfactory.eu\/da\/wp-json\/wp\/v2\/media\/2726"}],"wp:attachment":[{"href":"https:\/\/wristbandfactory.eu\/da\/wp-json\/wp\/v2\/media?parent=4417"}],"curies":[{"name":"wp","href":"https:\/\/api.w.org\/{rel}","templated":true}]}}